{"id":16,"date":"2026-01-30T09:10:54","date_gmt":"2026-01-30T09:10:54","guid":{"rendered":"https:\/\/newuzero.stg.uzero.cat\/?page_id=16"},"modified":"2026-01-30T09:10:54","modified_gmt":"2026-01-30T09:10:54","slug":"index","status":"publish","type":"page","link":"https:\/\/newuzero.stg.uzero.cat\/","title":{"rendered":"Index"},"content":{"rendered":"\n<p>Som un estudi creatiu de Vilafranca del Pened\u00e8s especialitzat en disseny web i programaci\u00f3 web. El nostre objectiu \u00e9s crear productes i experi\u00e8ncies digitals que generin valor a trav\u00e9s de l\u2019estrat\u00e8gia, el disseny i la tecnologia.<\/p>\n","protected":false},"excerpt":{"rendered":"<p>Som un estudi creatiu de Vilafranca del Pened\u00e8s especialitzat en disseny web i programaci\u00f3 web. El nostre objectiu \u00e9s crear productes i experi\u00e8ncies digitals que generin valor a trav\u00e9s de l\u2019estrat\u00e8gia, el disseny i la tecnologia.<\/p>\n","protected":false},"author":1,"featured_media":0,"parent":0,"menu_order":0,"comment_status":"closed","ping_status":"closed","template":"","meta":{"footnotes":""},"class_list":["post-16","page","type-page","status-publish","hentry"],"_links":{"self":[{"href":"https:\/\/newuzero.stg.uzero.cat\/index.php?rest_route=\/wp\/v2\/pages\/16","targetHints":{"allow":["GET"]}}],"collection":[{"href":"https:\/\/newuzero.stg.uzero.cat\/index.php?rest_route=\/wp\/v2\/pages"}],"about":[{"href":"https:\/\/newuzero.stg.uzero.cat\/index.php?rest_route=\/wp\/v2\/types\/page"}],"author":[{"embeddable":true,"href":"https:\/\/newuzero.stg.uzero.cat\/index.php?rest_route=\/wp\/v2\/users\/1"}],"replies":[{"embeddable":true,"href":"https:\/\/newuzero.stg.uzero.cat\/index.php?rest_route=%2Fwp%2Fv2%2Fcomments&post=16"}],"version-history":[{"count":1,"href":"https:\/\/newuzero.stg.uzero.cat\/index.php?rest_route=\/wp\/v2\/pages\/16\/revisions"}],"predecessor-version":[{"id":18,"href":"https:\/\/newuzero.stg.uzero.cat\/index.php?rest_route=\/wp\/v2\/pages\/16\/revisions\/18"}],"wp:attachment":[{"href":"https:\/\/newuzero.stg.uzero.cat\/index.php?rest_route=%2Fwp%2Fv2%2Fmedia&parent=16"}],"curies":[{"name":"wp","href":"https:\/\/api.w.org\/{rel}","templated":true}]}}